{"id":30269,"date":"2019-01-17T09:40:33","date_gmt":"2019-01-17T08:40:33","guid":{"rendered":"https:\/\/www.cantinavalpolicellasanpietro.it\/gastfreundschaft\/"},"modified":"2019-01-17T10:48:02","modified_gmt":"2019-01-17T09:48:02","slug":"gastfreundschaft","status":"publish","type":"page","link":"https:\/\/www.cantinavalpolicellasanpietro.it\/de\/gastfreundschaft\/","title":{"rendered":"GASTFREUNDSCHAFT"},"content":{"rendered":"<p>[et_pb_section fb_built=&#8220;1&#8243; background_image=&#8220;http:\/\/www.cantinavalpolicellasanpietro.it\/wp-content\/uploads\/2017\/04\/slide_2_3-1.jpg&#8220; custom_padding=&#8220;5%||5%|&#8220; disabled_on=&#8220;off|off|off&#8220; admin_label=&#8220;section&#8220; module_id=&#8220;home&#8220;][et_pb_row make_fullwidth=&#8220;on&#8220; use_custom_gutter=&#8220;on&#8220; gutter_width=&#8220;1&#8243; custom_padding=&#8220;0|0&#8243; padding_mobile=&#8220;on&#8220; background_color=&#8220;rgba(0,0,0,0)&#8220; make_equal=&#8220;on&#8220; padding_top_1=&#8220;5%&#8220; padding_right_1=&#8220;5%&#8220; padding_bottom_1=&#8220;5%&#8220; padding_left_1=&#8220;5%&#8220; padding_top_2=&#8220;5%&#8220; padding_right_2=&#8220;5%&#8220; padding_bottom_2=&#8220;5%&#8220; padding_left_2=&#8220;5%&#8220; padding_top_3=&#8220;5%&#8220; padding_right_3=&#8220;5%&#8220; padding_bottom_3=&#8220;5%&#8220; padding_left_3=&#8220;5%&#8220; admin_label=&#8220;row&#8220;][et_pb_column type=&#8220;1_2&#8243; padding_bottom=&#8220;5%&#8220; padding_left=&#8220;5%&#8220; padding_right=&#8220;5%&#8220; padding_top=&#8220;5%&#8220; parallax=&#8220;off&#8220; parallax_method=&#8220;on&#8220;][et_pb_text background_layout=&#8220;dark&#8220; admin_label=&#8220;Testo&#8220; header_font=&#8220;Playfair Display||||&#8220; header_font_size=&#8220;59px&#8220; custom_margin=&#8220;||30px|&#8220;]<\/p>\n<h1><strong>Gastfreundschaft<\/strong>:<br \/>\nEssen und \u00fcbernachten in Valpolicella<\/h1>\n<p>[\/et_pb_text][\/et_pb_column][et_pb_column type=&#8220;1_2&#8243; padding_bottom=&#8220;5%&#8220; padding_left=&#8220;5%&#8220; padding_right=&#8220;5%&#8220; padding_top=&#8220;5%&#8220; parallax=&#8220;off&#8220; parallax_method=&#8220;on&#8220;][\/et_pb_column][\/et_pb_row][\/et_pb_section][et_pb_section fb_built=&#8220;1&#8243; custom_padding=&#8220;2px|0px|3px|0px&#8220; admin_label=&#8220;section&#8220;][et_pb_row custom_padding=&#8220;75px|0px|27px|0px&#8220; admin_label=&#8220;row&#8220;][et_pb_column type=&#8220;1_4&#8243; parallax=&#8220;off&#8220; parallax_method=&#8220;on&#8220;][\/et_pb_column][et_pb_column type=&#8220;1_2&#8243; parallax=&#8220;off&#8220; parallax_method=&#8220;on&#8220;][et_pb_text text_orientation=&#8220;center&#8220; admin_label=&#8220;Testo&#8220; header_font=&#8220;Playfair Display||||&#8220; header_font_size=&#8220;39px&#8220;]<\/p>\n<h1>Unsere Vorschl\u00e4ge:<br \/>\n<strong>wo man essen kann<\/strong><\/h1>\n<p>[\/et_pb_text][et_pb_text text_orientation=&#8220;center&#8220; admin_label=&#8220;Testo&#8220; text_font_size=&#8220;16px&#8220;] Auf dieser Seite finden Sie einige Restaurants, Tavernen, Bauernh\u00f6fe und Hotels, die Ihnen die Genossenschaftskellerei San Pietro in Cariano gerne f\u00fcr Ihren Aufenthalt im bezaubernden Valpolicella empfiehlt. [\/et_pb_text][\/et_pb_column][et_pb_column type=&#8220;1_4&#8243; parallax=&#8220;off&#8220; parallax_method=&#8220;on&#8220;][\/et_pb_column][\/et_pb_row][et_pb_row custom_padding=&#8220;27px|0px|0px|0px&#8220; admin_label=&#8220;row&#8220;][et_pb_column type=&#8220;1_3&#8243; parallax=&#8220;off&#8220; parallax_method=&#8220;on&#8220;][et_pb_image src=&#8220;http:\/\/www.cantinavalpolicellasanpietro.it\/wp-content\/uploads\/2017\/05\/cantina-san-pietro-dove-mangiare.png&#8220; animation=&#8220;top&#8220; align=&#8220;center&#8220; admin_label=&#8220;Immagine&#8220;][\/et_pb_image][et_pb_blurb title=&#8220;RED ZONE ART BAR&#8220; animation=&#8220;off&#8220; text_orientation=&#8220;center&#8220; admin_label=&#8220;Blurb&#8220; header_font=&#8220;|on|&#8220; header_font_size=&#8220;17px&#8220; header_text_color=&#8220;#716962&#8243; header_letter_spacing=&#8220;1px&#8220; header_line_height=&#8220;1.6em&#8220; body_font_size=&#8220;14px&#8220; body_text_color=&#8220;#716962&#8243; body_line_height=&#8220;1.7&#8243; custom_padding=&#8220;||35px|&#8220;]<\/p>\n<p>Piazza della Pieve, 15 &#8211; San Giorgio di Valpolicella (VR)<\/p>\n<p><strong>Tel. 045 680 12 69<\/strong><\/p>\n<p>Di \u2013 Do: \u00a09:30 &#8211; 12:30 \/ 16:30 &#8211; 24:00<br \/>\nFr \u2013 So: 9:30 &#8211; 24:00<\/p>\n<p>[\/et_pb_blurb][\/et_pb_column][et_pb_column type=&#8220;1_3&#8243; parallax=&#8220;off&#8220; parallax_method=&#8220;on&#8220;][et_pb_image src=&#8220;http:\/\/www.cantinavalpolicellasanpietro.it\/wp-content\/uploads\/2017\/05\/cantina-san-pietro-dove-mangiare.png&#8220; animation=&#8220;top&#8220; align=&#8220;center&#8220; admin_label=&#8220;Immagine&#8220;][\/et_pb_image][et_pb_blurb title=&#8220;ALBERGO CROCE D\u2019ORO &#8220; animation=&#8220;off&#8220; text_orientation=&#8220;center&#8220; admin_label=&#8220;Blurb&#8220; header_font=&#8220;|on|&#8220; header_font_size=&#8220;17px&#8220; header_text_color=&#8220;#716962&#8243; header_letter_spacing=&#8220;1px&#8220; header_line_height=&#8220;1.6em&#8220; body_font_size=&#8220;14px&#8220; body_text_color=&#8220;#716962&#8243; body_line_height=&#8220;1.7&#8243; custom_padding=&#8220;||35px|&#8220;]<\/p>\n<p>Via Valentini, 55 &#8211; Volargne (VR)<\/p>\n<p><strong>Tel. 045\/6861602<\/strong><\/p>\n<p><a href=\"mailto:federico.crocedoro@virgilio.it\">federico.crocedoro@virgilio.it<\/a><\/p>\n<p>Sonntags geschlossen<\/p>\n<p>[\/et_pb_blurb][\/et_pb_column][et_pb_column type=&#8220;1_3&#8243; parallax=&#8220;off&#8220; parallax_method=&#8220;on&#8220;][et_pb_image src=&#8220;http:\/\/www.cantinavalpolicellasanpietro.it\/wp-content\/uploads\/2017\/05\/cantina-san-pietro-dove-mangiare.png&#8220; animation=&#8220;top&#8220; align=&#8220;center&#8220; admin_label=&#8220;Immagine&#8220;][\/et_pb_image][et_pb_blurb title=&#8220;RISTORANTE AI PINI DE CERU\u2019 &#8220; animation=&#8220;off&#8220; text_orientation=&#8220;center&#8220; admin_label=&#8220;Blurb&#8220; header_font=&#8220;|on|&#8220; header_font_size=&#8220;17px&#8220; header_text_color=&#8220;#716962&#8243; header_letter_spacing=&#8220;1px&#8220; header_line_height=&#8220;1.6em&#8220; body_font_size=&#8220;14px&#8220; body_text_color=&#8220;#716962&#8243; body_line_height=&#8220;1.7&#8243; custom_padding=&#8220;||35px|&#8220;]<\/p>\n<p>Viale Roma, 13 &#8211; Fumane (VR)<\/p>\n<p><strong>Tel. 045 683 90 21&nbsp;<\/strong><\/p>\n<p> <a href=\"mailto:info@aipignideceru.it\">info@aipignideceru.it<\/p>\n<p> <\/a><\/p>\n<p>Mittags geschlossen au\u00dfer am Wochenende<\/p>\n<p>[\/et_pb_blurb][\/et_pb_column][\/et_pb_row][et_pb_row custom_padding=&#8220;5px|0px|27px|0px&#8220; admin_label=&#8220;row&#8220;][et_pb_column type=&#8220;1_3&#8243; parallax=&#8220;off&#8220; parallax_method=&#8220;on&#8220;][et_pb_image src=&#8220;http:\/\/www.cantinavalpolicellasanpietro.it\/wp-content\/uploads\/2017\/05\/cantina-san-pietro-dove-mangiare.png&#8220; animation=&#8220;top&#8220; align=&#8220;center&#8220; admin_label=&#8220;Immagine&#8220;][\/et_pb_image][et_pb_blurb title=&#8220;AGRITURISMO ALLE VALLENE&#8220; animation=&#8220;off&#8220; text_orientation=&#8220;center&#8220; admin_label=&#8220;Blurb&#8220; header_font=&#8220;|on|&#8220; header_font_size=&#8220;17px&#8220; header_text_color=&#8220;#716962&#8243; header_letter_spacing=&#8220;1px&#8220; header_line_height=&#8220;1.6em&#8220; body_font_size=&#8220;14px&#8220; body_text_color=&#8220;#716962&#8243; body_line_height=&#8220;1.7&#8243; custom_padding=&#8220;||35px|&#8220;]<\/p>\n<p>Localit\u00e0 Vallene<br \/>\n37020 Sant&#8217;Anna D&#8217;Alfaedo (VR)<\/p>\n<p><strong>Tel. 045 604 00 06<br \/>\n<\/strong><strong>Handy 340 313 86 71<\/strong><\/p>\n<p>Ge\u00f6ffnet von Freitag bis Sonntag<\/p>\n<p>[\/et_pb_blurb][\/et_pb_column][et_pb_column type=&#8220;1_3&#8243; parallax=&#8220;off&#8220; parallax_method=&#8220;on&#8220;][et_pb_image src=&#8220;http:\/\/www.cantinavalpolicellasanpietro.it\/wp-content\/uploads\/2017\/05\/cantina-san-pietro-dove-mangiare.png&#8220; animation=&#8220;top&#8220; align=&#8220;center&#8220; admin_label=&#8220;Immagine&#8220;][\/et_pb_image][et_pb_blurb title=&#8220;TRATTORIA %22DAI FASOLINI%22&#8243; animation=&#8220;off&#8220; text_orientation=&#8220;center&#8220; admin_label=&#8220;Blurb&#8220; header_font=&#8220;|on|&#8220; header_font_size=&#8220;17px&#8220; header_text_color=&#8220;#716962&#8243; header_letter_spacing=&#8220;1px&#8220; header_line_height=&#8220;1.6em&#8220; body_font_size=&#8220;14px&#8220; body_text_color=&#8220;#716962&#8243; body_line_height=&#8220;1.7&#8243; custom_padding=&#8220;||35px|&#8220;]<\/p>\n<p>Via Monte Pasubio, 7 &#8211; Bure di San Pietro in Cariano (VR)<\/p>\n<p><strong>Tel. 045 7720039<br \/><\/strong><strong>Handy 3347682316<\/strong><\/p>\n<p>[\/et_pb_blurb][\/et_pb_column][et_pb_column type=&#8220;1_3&#8243; parallax=&#8220;off&#8220; parallax_method=&#8220;on&#8220;][et_pb_image src=&#8220;http:\/\/www.cantinavalpolicellasanpietro.it\/wp-content\/uploads\/2017\/05\/cantina-san-pietro-dove-mangiare.png&#8220; animation=&#8220;top&#8220; align=&#8220;center&#8220; admin_label=&#8220;Immagine&#8220;][\/et_pb_image][et_pb_blurb title=&#8220;AGRITURISMO AL CASOTTO&#8220; animation=&#8220;off&#8220; text_orientation=&#8220;center&#8220; admin_label=&#8220;Blurb&#8220; header_font=&#8220;|on|&#8220; header_font_size=&#8220;17px&#8220; header_text_color=&#8220;#716962&#8243; header_letter_spacing=&#8220;1px&#8220; header_line_height=&#8220;1.6em&#8220; body_font_size=&#8220;14px&#8220; body_text_color=&#8220;#716962&#8243; body_line_height=&#8220;1.7&#8243; custom_padding=&#8220;||35px|&#8220;]<\/p>\n<p>Via Casotto, 1<br \/>\n37022 Fumane (VR)<\/p>\n<p><strong>Tel.\u00a0045\/6845183<\/strong><\/p>\n<p>[\/et_pb_blurb][\/et_pb_column][\/et_pb_row][\/et_pb_section][et_pb_section fb_built=&#8220;1&#8243; background_color=&#8220;#fbfbf5&#8243; custom_padding=&#8220;5%|0|0px|0&#8243; admin_label=&#8220;section&#8220; module_id=&#8220;sapori&#8220;][et_pb_row admin_label=&#8220;row&#8220;][et_pb_column type=&#8220;4_4&#8243; parallax=&#8220;off&#8220; parallax_method=&#8220;on&#8220;][et_pb_text text_orientation=&#8220;center&#8220; admin_label=&#8220;Testo&#8220; header_font=&#8220;Playfair Display||||&#8220; header_font_size=&#8220;39px&#8220;]<\/p>\n<h1>Unsere Vorschl\u00e4ge:<br \/>\n<b>wo man \u00fcbernachten kann<\/b><\/h1>\n<p>[\/et_pb_text][\/et_pb_column][\/et_pb_row][et_pb_row admin_label=&#8220;row&#8220;][et_pb_column type=&#8220;1_3&#8243; parallax=&#8220;off&#8220; parallax_method=&#8220;on&#8220;][et_pb_image src=&#8220;http:\/\/www.cantinavalpolicellasanpietro.it\/wp-content\/uploads\/2017\/05\/cantina-san-pietro-dove-dormire.png&#8220; animation=&#8220;top&#8220; align=&#8220;center&#8220; admin_label=&#8220;Immagine&#8220;][\/et_pb_image][et_pb_blurb title=&#8220;CORTE DEI SARTI&#8220; animation=&#8220;off&#8220; text_orientation=&#8220;center&#8220; admin_label=&#8220;Blurb&#8220; header_font=&#8220;|on|&#8220; header_font_size=&#8220;17px&#8220; header_text_color=&#8220;#716962&#8243; header_letter_spacing=&#8220;1px&#8220; header_line_height=&#8220;1.6em&#8220; body_font_size=&#8220;14px&#8220; body_text_color=&#8220;#716962&#8243; body_line_height=&#8220;1.7&#8243; custom_padding=&#8220;||35px|&#8220;]<\/p>\n<p>Via Bacilieri, 57 &#8211; 37022 Molina di Fumane (VR)<\/p>\n<p><strong>Tel. (+39) 3482813494<\/strong><\/p>\n<p><a href=\"http:\/\/www.bbcortedeisarti.it\">www.bbcortedeisarti.it<\/a><br \/><a href=\"mailto:info@bbcortedeisarti.it\">info@bbcortedeisarti.it<\/a><\/p>\n<p>[\/et_pb_blurb][\/et_pb_column][et_pb_column type=&#8220;1_3&#8243; parallax=&#8220;off&#8220; parallax_method=&#8220;on&#8220;][et_pb_image src=&#8220;http:\/\/www.cantinavalpolicellasanpietro.it\/wp-content\/uploads\/2017\/05\/cantina-san-pietro-dove-dormire.png&#8220; animation=&#8220;top&#8220; align=&#8220;center&#8220; admin_label=&#8220;Immagine&#8220;][\/et_pb_image][et_pb_blurb title=&#8220;B&#038;B CASA DELLA NONNA&#8220; animation=&#8220;off&#8220; text_orientation=&#8220;center&#8220; admin_label=&#8220;Blurb&#8220; header_font=&#8220;|on|&#8220; header_font_size=&#8220;17px&#8220; header_text_color=&#8220;#716962&#8243; header_letter_spacing=&#8220;1px&#8220; header_line_height=&#8220;1.6em&#8220; body_font_size=&#8220;14px&#8220; body_text_color=&#8220;#716962&#8243; body_line_height=&#8220;1.7&#8243; custom_padding=&#8220;||35px|&#8220;]<\/p>\n<p>Via Barbassa, 15 &#8211; 37029 San Pietro in Cariano (VR)<\/p>\n<p><strong>Tel. 333 15 07 860<\/strong><br \/>\n<a href=\"mailto:info@casadellanonna-valpolicella.it\">info@casadellanonna-valpolicella.it<br \/>\n<\/a> <a href=\"www.casadellanonna-valpolicella.it\" target=\"_blank\" rel=\"noopener noreferrer\">www.casadellanonna-valpolicella.it<\/a><\/p>\n<p>[\/et_pb_blurb][\/et_pb_column][et_pb_column type=&#8220;1_3&#8243; parallax=&#8220;off&#8220; parallax_method=&#8220;on&#8220;][et_pb_image src=&#8220;http:\/\/www.cantinavalpolicellasanpietro.it\/wp-content\/uploads\/2017\/05\/cantina-san-pietro-dove-dormire.png&#8220; animation=&#8220;top&#8220; align=&#8220;center&#8220; admin_label=&#8220;Immagine&#8220;][\/et_pb_image][et_pb_blurb title=&#8220;VILLA OLENADRI&#8220; animation=&#8220;off&#8220; text_orientation=&#8220;center&#8220; admin_label=&#8220;Blurb&#8220; header_font=&#8220;|on|&#8220; header_font_size=&#8220;17px&#8220; header_text_color=&#8220;#716962&#8243; header_letter_spacing=&#8220;1px&#8220; header_line_height=&#8220;1.6em&#8220; body_font_size=&#8220;14px&#8220; body_text_color=&#8220;#716962&#8243; body_line_height=&#8220;1.7&#8243; custom_padding=&#8220;||35px|&#8220;]<\/p>\n<p>Via Pigna, 32<br \/>\n37029 San Floriano di San Pietro in Cariano (VR)<\/p>\n<p><strong>Tel.\u00a0333 924 9487<\/strong><\/p>\n<p>\u00a0<\/p>\n<p>[\/et_pb_blurb][\/et_pb_column][\/et_pb_row][\/et_pb_section][et_pb_section fb_built=&#8220;1&#8243; background_image=&#8220;http:\/\/www.cantinavalpolicellasanpietro.it\/wp-content\/uploads\/2017\/06\/slide_acquista2-1.jpg&#8220; transparent_background=&#8220;on&#8220; custom_padding=&#8220;5%|0|5%|0&#8243; admin_label=&#8220;section&#8220; module_id=&#8220;juith&#8220;][et_pb_row admin_label=&#8220;row&#8220;][et_pb_column type=&#8220;4_4&#8243; parallax=&#8220;off&#8220; parallax_method=&#8220;on&#8220;][et_pb_text background_layout=&#8220;dark&#8220; text_orientation=&#8220;center&#8220; admin_label=&#8220;Testo&#8220; header_font=&#8220;Playfair Display||||&#8220; header_font_size=&#8220;39px&#8220;]<\/p>\n<h1>AKaufen Sie unsere Erzeugnisse<\/h1>\n<p>[\/et_pb_text][et_pb_text background_layout=&#8220;dark&#8220; text_orientation=&#8220;center&#8220; admin_label=&#8220;Testo&#8220; text_font_size=&#8220;16px&#8220;]<\/p>\n<div>LM\u00f6chten Sie mehr \u00fcber die Weine, das Oliven\u00f6l und den handwerklichen Grappa der Valpolicella Classica aus unserer Produktion erfahren?<\/div>\n<p>[\/et_pb_text][et_pb_button button_url=&#8220;https:\/\/www.cantinavalpolicellasanpietro.it\/de\/kontakt\/&#8220; button_text=&#8220;Kontaktieren Sie uns&#8220; button_alignment=&#8220;center&#8220; admin_label=&#8220;Pulsante&#8220; custom_button=&#8220;on&#8220; button_text_color=&#8220;#ffffff&#8220; button_icon=&#8220;%%112%%&#8220; button_text_color_hover=&#8220;#3E4432&#8243; background_color=&#8220;#a77c03&#8243;][\/et_pb_button][\/et_pb_column][\/et_pb_row][\/et_pb_section]<\/p>\n","protected":false},"excerpt":{"rendered":"<p>[et_pb_section fb_built=&#8220;1&#8243; background_image=&#8220;http:\/\/www.cantinavalpolicellasanpietro.it\/wp-content\/uploads\/2017\/04\/slide_2_3-1.jpg&#8220; custom_padding=&#8220;5%||5%|&#8220; disabled_on=&#8220;off|off|off&#8220; admin_label=&#8220;section&#8220; module_id=&#8220;home&#8220;][et_pb_row make_fullwidth=&#8220;on&#8220; use_custom_gutter=&#8220;on&#8220; gutter_width=&#8220;1&#8243; custom_padding=&#8220;0|0&#8243; padding_mobile=&#8220;on&#8220; background_color=&#8220;rgba(0,0,0,0)&#8220; make_equal=&#8220;on&#8220; padding_top_1=&#8220;5%&#8220; padding_right_1=&#8220;5%&#8220; padding_bottom_1=&#8220;5%&#8220; padding_left_1=&#8220;5%&#8220; padding_top_2=&#8220;5%&#8220; padding_right_2=&#8220;5%&#8220; padding_bottom_2=&#8220;5%&#8220; padding_left_2=&#8220;5%&#8220; padding_top_3=&#8220;5%&#8220; padding_right_3=&#8220;5%&#8220; padding_bottom_3=&#8220;5%&#8220; padding_left_3=&#8220;5%&#8220; admin_label=&#8220;row&#8220;][et_pb_column type=&#8220;1_2&#8243; padding_bottom=&#8220;5%&#8220; padding_left=&#8220;5%&#8220; padding_right=&#8220;5%&#8220; padding_top=&#8220;5%&#8220; parallax=&#8220;off&#8220; parallax_method=&#8220;on&#8220;][et_pb_text background_layout=&#8220;dark&#8220; admin_label=&#8220;Testo&#8220; header_font=&#8220;Playfair Display||||&#8220; header_font_size=&#8220;59px&#8220; custom_margin=&#8220;||30px|&#8220;] Gastfreundschaft: Essen und \u00fcbernachten in Valpolicella [\/et_pb_text][\/et_pb_column][et_pb_column type=&#8220;1_2&#8243; padding_bottom=&#8220;5%&#8220; padding_left=&#8220;5%&#8220; padding_right=&#8220;5%&#8220; padding_top=&#8220;5%&#8220; parallax=&#8220;off&#8220; parallax_method=&#8220;on&#8220;][\/et_pb_column][\/et_pb_row][\/et_pb_section][et_pb_section fb_built=&#8220;1&#8243; [&hellip;]<\/p>\n","protected":false},"author":2,"featured_media":0,"parent":0,"menu_order":0,"comment_status":"closed","ping_status":"closed","template":"","meta":{"_et_pb_use_builder":"on","_et_pb_old_content":"","_et_gb_content_width":""},"yoast_head":"<!-- This site is optimized with the Yoast SEO plugin v21.8.1 - https:\/\/yoast.com\/wordpress\/plugins\/seo\/ -->\n<title>\u00dcbernachten und essen in Valpolicella | Kellerei San Pietro in Cariano<\/title>\n<meta name=\"description\" content=\"Hotels, B&amp;Bs, Restaurants und Tavernen: Entdecken Sie die typischen Unterk\u00fcnfte und Speiselokale in Valpolicella rund um die Genossenschaftskellerei von San Pietro in Cariano.\" \/>\n<meta name=\"robots\" content=\"index, follow, max-snippet:-1, max-image-preview:large, max-video-preview:-1\" \/>\n<link rel=\"canonical\" href=\"https:\/\/www.cantinavalpolicellasanpietro.it\/de\/gastfreundschaft\/\" \/>\n<meta property=\"og:locale\" content=\"de_DE\" \/>\n<meta property=\"og:type\" content=\"article\" \/>\n<meta property=\"og:title\" content=\"\u00dcbernachten und essen in Valpolicella | Kellerei San Pietro in Cariano\" \/>\n<meta property=\"og:description\" content=\"Hotels, B&amp;Bs, Restaurants und Tavernen: Entdecken Sie die typischen Unterk\u00fcnfte und Speiselokale in Valpolicella rund um die Genossenschaftskellerei von San Pietro in Cariano.\" \/>\n<meta property=\"og:url\" content=\"https:\/\/www.cantinavalpolicellasanpietro.it\/de\/gastfreundschaft\/\" \/>\n<meta property=\"og:site_name\" content=\"CANTINA SAN PIETRO\" \/>\n<meta property=\"article:modified_time\" content=\"2019-01-17T09:48:02+00:00\" \/>\n<meta name=\"twitter:card\" content=\"summary_large_image\" \/>\n<meta name=\"twitter:label1\" content=\"Gesch\u00e4tzte Lesezeit\" \/>\n\t<meta name=\"twitter:data1\" content=\"7\u00a0Minuten\" \/>\n<script type=\"application\/ld+json\" class=\"yoast-schema-graph\">{\"@context\":\"https:\/\/schema.org\",\"@graph\":[{\"@type\":\"WebPage\",\"@id\":\"https:\/\/www.cantinavalpolicellasanpietro.it\/de\/gastfreundschaft\/\",\"url\":\"https:\/\/www.cantinavalpolicellasanpietro.it\/de\/gastfreundschaft\/\",\"name\":\"\u00dcbernachten und essen in Valpolicella | Kellerei San Pietro in Cariano\",\"isPartOf\":{\"@id\":\"https:\/\/www.cantinavalpolicellasanpietro.it\/#website\"},\"datePublished\":\"2019-01-17T08:40:33+00:00\",\"dateModified\":\"2019-01-17T09:48:02+00:00\",\"description\":\"Hotels, B&Bs, Restaurants und Tavernen: Entdecken Sie die typischen Unterk\u00fcnfte und Speiselokale in Valpolicella rund um die Genossenschaftskellerei von San Pietro in Cariano.\",\"breadcrumb\":{\"@id\":\"https:\/\/www.cantinavalpolicellasanpietro.it\/de\/gastfreundschaft\/#breadcrumb\"},\"inLanguage\":\"de\",\"potentialAction\":[{\"@type\":\"ReadAction\",\"target\":[\"https:\/\/www.cantinavalpolicellasanpietro.it\/de\/gastfreundschaft\/\"]}]},{\"@type\":\"BreadcrumbList\",\"@id\":\"https:\/\/www.cantinavalpolicellasanpietro.it\/de\/gastfreundschaft\/#breadcrumb\",\"itemListElement\":[{\"@type\":\"ListItem\",\"position\":1,\"name\":\"Home\",\"item\":\"https:\/\/www.cantinavalpolicellasanpietro.it\/de\/\"},{\"@type\":\"ListItem\",\"position\":2,\"name\":\"GASTFREUNDSCHAFT\"}]},{\"@type\":\"WebSite\",\"@id\":\"https:\/\/www.cantinavalpolicellasanpietro.it\/#website\",\"url\":\"https:\/\/www.cantinavalpolicellasanpietro.it\/\",\"name\":\"CANTINA SAN PIETRO\",\"description\":\"Cantina sociale San Pietro In Cariano\",\"potentialAction\":[{\"@type\":\"SearchAction\",\"target\":{\"@type\":\"EntryPoint\",\"urlTemplate\":\"https:\/\/www.cantinavalpolicellasanpietro.it\/?s={search_term_string}\"},\"query-input\":\"required name=search_term_string\"}],\"inLanguage\":\"de\"}]}<\/script>\n<!-- \/ Yoast SEO plugin. -->","yoast_head_json":{"title":"\u00dcbernachten und essen in Valpolicella | Kellerei San Pietro in Cariano","description":"Hotels, B&Bs, Restaurants und Tavernen: Entdecken Sie die typischen Unterk\u00fcnfte und Speiselokale in Valpolicella rund um die Genossenschaftskellerei von San Pietro in Cariano.","robots":{"index":"index","follow":"follow","max-snippet":"max-snippet:-1","max-image-preview":"max-image-preview:large","max-video-preview":"max-video-preview:-1"},"canonical":"https:\/\/www.cantinavalpolicellasanpietro.it\/de\/gastfreundschaft\/","og_locale":"de_DE","og_type":"article","og_title":"\u00dcbernachten und essen in Valpolicella | Kellerei San Pietro in Cariano","og_description":"Hotels, B&Bs, Restaurants und Tavernen: Entdecken Sie die typischen Unterk\u00fcnfte und Speiselokale in Valpolicella rund um die Genossenschaftskellerei von San Pietro in Cariano.","og_url":"https:\/\/www.cantinavalpolicellasanpietro.it\/de\/gastfreundschaft\/","og_site_name":"CANTINA SAN PIETRO","article_modified_time":"2019-01-17T09:48:02+00:00","twitter_card":"summary_large_image","twitter_misc":{"Gesch\u00e4tzte Lesezeit":"7\u00a0Minuten"},"schema":{"@context":"https:\/\/schema.org","@graph":[{"@type":"WebPage","@id":"https:\/\/www.cantinavalpolicellasanpietro.it\/de\/gastfreundschaft\/","url":"https:\/\/www.cantinavalpolicellasanpietro.it\/de\/gastfreundschaft\/","name":"\u00dcbernachten und essen in Valpolicella | Kellerei San Pietro in Cariano","isPartOf":{"@id":"https:\/\/www.cantinavalpolicellasanpietro.it\/#website"},"datePublished":"2019-01-17T08:40:33+00:00","dateModified":"2019-01-17T09:48:02+00:00","description":"Hotels, B&Bs, Restaurants und Tavernen: Entdecken Sie die typischen Unterk\u00fcnfte und Speiselokale in Valpolicella rund um die Genossenschaftskellerei von San Pietro in Cariano.","breadcrumb":{"@id":"https:\/\/www.cantinavalpolicellasanpietro.it\/de\/gastfreundschaft\/#breadcrumb"},"inLanguage":"de","potentialAction":[{"@type":"ReadAction","target":["https:\/\/www.cantinavalpolicellasanpietro.it\/de\/gastfreundschaft\/"]}]},{"@type":"BreadcrumbList","@id":"https:\/\/www.cantinavalpolicellasanpietro.it\/de\/gastfreundschaft\/#breadcrumb","itemListElement":[{"@type":"ListItem","position":1,"name":"Home","item":"https:\/\/www.cantinavalpolicellasanpietro.it\/de\/"},{"@type":"ListItem","position":2,"name":"GASTFREUNDSCHAFT"}]},{"@type":"WebSite","@id":"https:\/\/www.cantinavalpolicellasanpietro.it\/#website","url":"https:\/\/www.cantinavalpolicellasanpietro.it\/","name":"CANTINA SAN PIETRO","description":"Cantina sociale San Pietro In Cariano","potentialAction":[{"@type":"SearchAction","target":{"@type":"EntryPoint","urlTemplate":"https:\/\/www.cantinavalpolicellasanpietro.it\/?s={search_term_string}"},"query-input":"required name=search_term_string"}],"inLanguage":"de"}]}},"_links":{"self":[{"href":"https:\/\/www.cantinavalpolicellasanpietro.it\/de\/wp-json\/wp\/v2\/pages\/30269"}],"collection":[{"href":"https:\/\/www.cantinavalpolicellasanpietro.it\/de\/wp-json\/wp\/v2\/pages"}],"about":[{"href":"https:\/\/www.cantinavalpolicellasanpietro.it\/de\/wp-json\/wp\/v2\/types\/page"}],"author":[{"embeddable":true,"href":"https:\/\/www.cantinavalpolicellasanpietro.it\/de\/wp-json\/wp\/v2\/users\/2"}],"replies":[{"embeddable":true,"href":"https:\/\/www.cantinavalpolicellasanpietro.it\/de\/wp-json\/wp\/v2\/comments?post=30269"}],"version-history":[{"count":4,"href":"https:\/\/www.cantinavalpolicellasanpietro.it\/de\/wp-json\/wp\/v2\/pages\/30269\/revisions"}],"predecessor-version":[{"id":30332,"href":"https:\/\/www.cantinavalpolicellasanpietro.it\/de\/wp-json\/wp\/v2\/pages\/30269\/revisions\/30332"}],"wp:attachment":[{"href":"https:\/\/www.cantinavalpolicellasanpietro.it\/de\/wp-json\/wp\/v2\/media?parent=30269"}],"curies":[{"name":"wp","href":"https:\/\/api.w.org\/{rel}","templated":true}]}}