{"id":30273,"date":"2019-01-17T09:47:06","date_gmt":"2019-01-17T08:47:06","guid":{"rendered":"https:\/\/www.cantinavalpolicellasanpietro.it\/produkte\/"},"modified":"2019-01-17T10:49:30","modified_gmt":"2019-01-17T09:49:30","slug":"produkte","status":"publish","type":"page","link":"https:\/\/www.cantinavalpolicellasanpietro.it\/de\/produkte\/","title":{"rendered":"PRODUKTE"},"content":{"rendered":"<p>[et_pb_section fb_built=&#8220;1&#8243; background_image=&#8220;http:\/\/www.cantinavalpolicellasanpietro.it\/wp-content\/uploads\/2017\/06\/slider-prodotti-1.jpg&#8220; custom_padding=&#8220;8%||8%|&#8220; disabled_on=&#8220;off|off|off&#8220; admin_label=&#8220;section&#8220; module_id=&#8220;home&#8220;][et_pb_row make_fullwidth=&#8220;on&#8220; use_custom_gutter=&#8220;on&#8220; gutter_width=&#8220;1&#8243; custom_padding=&#8220;0|0&#8243; padding_mobile=&#8220;on&#8220; background_color=&#8220;rgba(0,0,0,0)&#8220; make_equal=&#8220;on&#8220; padding_top_1=&#8220;5%&#8220; padding_right_1=&#8220;5%&#8220; padding_bottom_1=&#8220;5%&#8220; padding_left_1=&#8220;5%&#8220; padding_top_2=&#8220;5%&#8220; padding_right_2=&#8220;5%&#8220; padding_bottom_2=&#8220;5%&#8220; padding_left_2=&#8220;5%&#8220; padding_top_3=&#8220;5%&#8220; padding_right_3=&#8220;5%&#8220; padding_bottom_3=&#8220;5%&#8220; padding_left_3=&#8220;5%&#8220; admin_label=&#8220;row&#8220;][et_pb_column type=&#8220;1_2&#8243; padding_bottom=&#8220;5%&#8220; padding_left=&#8220;5%&#8220; padding_right=&#8220;5%&#8220; padding_top=&#8220;5%&#8220; parallax=&#8220;off&#8220; parallax_method=&#8220;on&#8220;][et_pb_text admin_label=&#8220;Testo&#8220; header_font=&#8220;Playfair Display||||&#8220; header_font_size=&#8220;59px&#8220; custom_margin=&#8220;||30px|&#8220;]<\/p>\n<h1>Die Produkte: Weine der Valpolicella, handwerkliches \u00d6l und Grappa<\/h1>\n<p>[\/et_pb_text][\/et_pb_column][et_pb_column type=&#8220;1_2&#8243; padding_bottom=&#8220;5%&#8220; padding_left=&#8220;5%&#8220; padding_right=&#8220;5%&#8220; padding_top=&#8220;5%&#8220; parallax=&#8220;off&#8220; parallax_method=&#8220;on&#8220;][\/et_pb_column][\/et_pb_row][\/et_pb_section][et_pb_section fb_built=&#8220;1&#8243; custom_padding=&#8220;0px|0px|0px|0px&#8220; admin_label=&#8220;section&#8220;][et_pb_row make_fullwidth=&#8220;on&#8220; custom_width_percent=&#8220;100%&#8220; use_custom_gutter=&#8220;on&#8220; gutter_width=&#8220;2&#8243; custom_padding=&#8220;0px|0px|0px|0px&#8220; custom_margin=&#8220;0px|0px|0px|0px&#8220; padding_top_1=&#8220;0px&#8220; padding_right_1=&#8220;0px&#8220; padding_bottom_1=&#8220;0px&#8220; padding_left_1=&#8220;0px&#8220; padding_top_2=&#8220;0px&#8220; padding_right_2=&#8220;0px&#8220; padding_bottom_2=&#8220;0px&#8220; padding_left_2=&#8220;0px&#8220; disabled_on=&#8220;off|off|off&#8220; admin_label=&#8220;row&#8220;][et_pb_column type=&#8220;1_2&#8243; padding_bottom=&#8220;0px&#8220; padding_left=&#8220;0px&#8220; padding_right=&#8220;0px&#8220; padding_top=&#8220;0px&#8220; parallax=&#8220;off&#8220; parallax_method=&#8220;on&#8220;][et_pb_image src=&#8220;http:\/\/www.cantinavalpolicellasanpietro.it\/wp-content\/uploads\/2017\/06\/vini-rossi2.jpg&#8220; align=&#8220;right&#8220; max_width=&#8220;120%&#8220; max_width_last_edited=&#8220;off|desktop&#8220; force_fullwidth=&#8220;on&#8220; admin_label=&#8220;Immagine&#8220;][\/et_pb_image][\/et_pb_column][et_pb_column type=&#8220;1_2&#8243; padding_bottom=&#8220;0px&#8220; padding_left=&#8220;0px&#8220; padding_right=&#8220;0px&#8220; padding_top=&#8220;0px&#8220; parallax=&#8220;off&#8220; parallax_method=&#8220;on&#8220;][et_pb_text text_orientation=&#8220;center&#8220; max_width=&#8220;600px&#8220; admin_label=&#8220;Testo&#8220; header_font=&#8220;Playfair Display||||&#8220; header_font_size=&#8220;39px&#8220; custom_margin=&#8220;8%|||&#8220;]<\/p>\n<h1 style=\"text-align: left;\">Rotweine.<\/h1>\n<p>[\/et_pb_text][et_pb_text text_orientation=&#8220;center&#8220; max_width=&#8220;600px&#8220; admin_label=&#8220;Testo&#8220; text_font=&#8220;Lato||||&#8220; text_font_size=&#8220;16px&#8220;]<\/p>\n<div style=\"text-align: left;\"><strong>Der unbestrittene Star der Valpolicella Classica ist der Rotwein, der in Amarone, Recioto und Valpolicella Ripasso seine besten Ausdrucksformen findet.<\/strong><\/div>\n<p>[\/et_pb_text][et_pb_text text_orientation=&#8220;center&#8220; max_width=&#8220;600px&#8220; admin_label=&#8220;Testo&#8220; text_font=&#8220;Lato||||&#8220; text_font_size=&#8220;16px&#8220;]Diese <strong>typisch Veroneser Weine <\/strong>erhalten Farbe, Geschmack und unnachahmliche D\u00fcfte von den im gesamten Produktionsbereich angebauten roten Weintraubenbeeren, die mit einer weltweit einzigartigen D\u00f6rrungstechnik behandelt werden.[\/et_pb_text][et_pb_text text_orientation=&#8220;center&#8220; max_width=&#8220;600px&#8220; admin_label=&#8220;Testo&#8220; text_font=&#8220;Lato||||&#8220; text_font_size=&#8220;16px&#8220; custom_margin=&#8220;|||&#8220;]Die Rede ist im Wesentlichen von den folgenden Trauben: die <strong>Corvina<\/strong>, die in Valpolicella am meisten verwendete Sorte, die mit ihren Eigenschaften dem Wein seine Aromen und eine elegante Finesse verleiht; der <strong>Corvinon<\/strong>, der den K\u00f6rper des Produktes ausdr\u00fcckt; die <strong>Rondinella<\/strong>, wichtig f\u00fcr die Farbnuancen, die sie dem Wein verleihen kann.[\/et_pb_text][et_pb_text text_orientation=&#8220;center&#8220; max_width=&#8220;600px&#8220; admin_label=&#8220;Testo&#8220; text_font=&#8220;Lato||||&#8220; text_font_size=&#8220;16px&#8220; custom_margin=&#8220;|||&#8220;]Es gibt <strong>viele einheimische Valpolicella-Variationen<\/strong>, die von den Herstellungsregeln f\u00fcr die Traubenmischungen zugelassen sind. Wir erinnern unter anderem an: Oseleta, Negrara, Forselina, Dindarella oder Pelara, Spigamonte und Turchetta.[\/et_pb_text][\/et_pb_column][\/et_pb_row][\/et_pb_section][et_pb_section fb_built=&#8220;1&#8243; custom_padding=&#8220;0px|0px|0px|0px&#8220; admin_label=&#8220;section&#8220;][et_pb_row make_fullwidth=&#8220;on&#8220; custom_width_percent=&#8220;100%&#8220; use_custom_gutter=&#8220;on&#8220; gutter_width=&#8220;2&#8243; custom_padding=&#8220;0px|0px|0px|0px&#8220; custom_margin=&#8220;0px|0px|0px|0px&#8220; background_color=&#8220;#ffffff&#8220; padding_top_1=&#8220;0px&#8220; padding_right_1=&#8220;0px&#8220; padding_bottom_1=&#8220;0px&#8220; padding_left_1=&#8220;0px&#8220; padding_top_2=&#8220;0px&#8220; padding_right_2=&#8220;0px&#8220; padding_bottom_2=&#8220;0px&#8220; padding_left_2=&#8220;0px&#8220; disabled_on=&#8220;off|off|off&#8220; admin_label=&#8220;row&#8220;][et_pb_column type=&#8220;1_2&#8243; padding_bottom=&#8220;0px&#8220; padding_left=&#8220;0px&#8220; padding_right=&#8220;0px&#8220; padding_top=&#8220;0px&#8220; parallax=&#8220;off&#8220; parallax_method=&#8220;on&#8220;][et_pb_text text_orientation=&#8220;center&#8220; max_width=&#8220;500px&#8220; admin_label=&#8220;Testo&#8220; header_font=&#8220;Playfair Display||||&#8220; header_font_size=&#8220;39px&#8220; custom_margin=&#8220;15%|||&#8220;]<\/p>\n<h1 style=\"text-align: left;\">Wei\u00dfweine.<\/h1>\n<p>[\/et_pb_text][et_pb_text text_orientation=&#8220;center&#8220; max_width=&#8220;500px&#8220; admin_label=&#8220;Testo&#8220; text_font=&#8220;Lato||||&#8220; text_font_size=&#8220;16px&#8220;]<\/p>\n<div style=\"text-align: left;\">\n<p><strong>Unsere Wei\u00dfweine sind der Chardonnay Fermo IGT und der Chardonnay Frizzante IGT.<\/strong><\/p>\n<p><strong>Sie werden zu 100 % aus Chardonnay-Trauben <\/strong>gewonnen und auf gut exponierten B\u00f6den alluvialen Ursprungs kultiviert, deren Anbau auf niedrige Ertr\u00e4ge abzielt.<\/p>\n<p>Die besten Kombinationen in der K\u00fcche? Sie sind zweifellos <strong>ideale Weine f\u00fcr einen Aperitif<\/strong> und auch zur Verkostung von leichten Vorspeisen, Pastagerichten, wei\u00dfem Fleisch und Fisch.<\/p>\n<\/div>\n<p>[\/et_pb_text][\/et_pb_column][et_pb_column type=&#8220;1_2&#8243; padding_bottom=&#8220;0px&#8220; padding_left=&#8220;0px&#8220; padding_right=&#8220;0px&#8220; padding_top=&#8220;0px&#8220; parallax=&#8220;off&#8220; parallax_method=&#8220;on&#8220;][et_pb_image src=&#8220;http:\/\/www.cantinavalpolicellasanpietro.it\/wp-content\/uploads\/2017\/06\/vini-bianchi.jpg&#8220; force_fullwidth=&#8220;on&#8220; admin_label=&#8220;Immagine&#8220; custom_margin=&#8220;0px|0px|0px|0px&#8220;][\/et_pb_image][\/et_pb_column][\/et_pb_row][\/et_pb_section][et_pb_section fb_built=&#8220;1&#8243; custom_padding=&#8220;0px|0px|0px|0px&#8220; admin_label=&#8220;section&#8220;][et_pb_row make_fullwidth=&#8220;on&#8220; custom_width_percent=&#8220;100%&#8220; use_custom_gutter=&#8220;on&#8220; gutter_width=&#8220;2&#8243; custom_padding=&#8220;0px|0px|0px|0px&#8220; custom_margin=&#8220;0px|0px|0px|0px&#8220; padding_top_1=&#8220;0px&#8220; padding_right_1=&#8220;0px&#8220; padding_bottom_1=&#8220;0px&#8220; padding_left_1=&#8220;0px&#8220; padding_top_2=&#8220;0px&#8220; padding_right_2=&#8220;0px&#8220; padding_bottom_2=&#8220;0px&#8220; padding_left_2=&#8220;0px&#8220; disabled_on=&#8220;off|off|off&#8220; admin_label=&#8220;row&#8220;][et_pb_column type=&#8220;1_2&#8243; padding_bottom=&#8220;0px&#8220; padding_left=&#8220;0px&#8220; padding_right=&#8220;0px&#8220; padding_top=&#8220;0px&#8220; parallax=&#8220;off&#8220; parallax_method=&#8220;on&#8220;][et_pb_image src=&#8220;http:\/\/www.cantinavalpolicellasanpietro.it\/wp-content\/uploads\/2017\/06\/vini-rose.jpg&#8220; align=&#8220;right&#8220; force_fullwidth=&#8220;on&#8220; admin_label=&#8220;Immagine&#8220;][\/et_pb_image][\/et_pb_column][et_pb_column type=&#8220;1_2&#8243; padding_bottom=&#8220;0px&#8220; padding_left=&#8220;0px&#8220; padding_right=&#8220;0px&#8220; padding_top=&#8220;0px&#8220; parallax=&#8220;off&#8220; parallax_method=&#8220;on&#8220;][et_pb_text text_orientation=&#8220;center&#8220; admin_label=&#8220;Testo&#8220; header_font=&#8220;Playfair Display||||&#8220; header_font_size=&#8220;39px&#8220; custom_margin=&#8220;15%|||15%&#8220;]<\/p>\n<h1 style=\"text-align: left;\">Ros\u00e9weine.<\/h1>\n<p>[\/et_pb_text][et_pb_text max_width=&#8220;500px&#8220; admin_label=&#8220;Testo&#8220; text_font=&#8220;Lato||||&#8220; text_font_size=&#8220;16px&#8220; custom_margin=&#8220;|||15%&#8220;]<\/p>\n<p>Auf den Weinbergen in der Valpolicella Classica entsteht der <strong>Ros\u00e9 Frizzante IGT<\/strong>, dessen intensives Rosa an Pfirsichbl\u00fcten erinnert.<\/p>\n<p>Auch das Aroma ist <strong>blumig und \u00fcberzeugend<\/strong>, eine zarte Liebkosung f\u00fcr Nase und Gaumen, die darin einen lebhaften Charakter mit einem kostbaren Nachgeschmack von roten Fr\u00fcchten entdecken.<\/p>\n<p>Perfekt f\u00fcr <strong>Aperitifs mit Freunden.<\/strong><\/p>\n<p>[\/et_pb_text][\/et_pb_column][\/et_pb_row][\/et_pb_section][et_pb_section fb_built=&#8220;1&#8243; background_color=&#8220;rgba(246,247,234,0.5)&#8220; custom_padding=&#8220;5%|0|5%|0&#8243; admin_label=&#8220;section&#8220;][et_pb_row custom_padding=&#8220;75px|0px|27px|0px&#8220; admin_label=&#8220;row&#8220;][et_pb_column type=&#8220;1_4&#8243; parallax=&#8220;off&#8220; parallax_method=&#8220;on&#8220;][\/et_pb_column][et_pb_column type=&#8220;1_2&#8243; parallax=&#8220;off&#8220; parallax_method=&#8220;on&#8220;][et_pb_text text_orientation=&#8220;center&#8220; admin_label=&#8220;Testo&#8220; header_font=&#8220;Playfair Display||||&#8220; header_font_size=&#8220;39px&#8220;]<\/p>\n<h1>Mehr als nur Wein. Entdecken Sie das handwerkliche \u00d6l, den Grappa <br \/>\nund die die Kelche der Cantina di San Pietro<\/h1>\n<p>[\/et_pb_text][\/et_pb_column][et_pb_column type=&#8220;1_4&#8243; parallax=&#8220;off&#8220; parallax_method=&#8220;on&#8220;][\/et_pb_column][\/et_pb_row][et_pb_row custom_padding=&#8220;27px|0px|1px|0px&#8220; admin_label=&#8220;row&#8220;][et_pb_column type=&#8220;1_3&#8243; parallax=&#8220;off&#8220; parallax_method=&#8220;on&#8220;][et_pb_image src=&#8220;http:\/\/www.cantinavalpolicellasanpietro.it\/wp-content\/uploads\/2017\/08\/cantina_sanpietro_olio.png&#8220; animation=&#8220;top&#8220; align=&#8220;center&#8220; admin_label=&#8220;Immagine&#8220;][\/et_pb_image][et_pb_blurb title=&#8220;Handwerkliches \u00d6l&#8220; animation=&#8220;off&#8220; text_orientation=&#8220;center&#8220; admin_label=&#8220;Blurb&#8220; header_font=&#8220;|on|&#8220; header_font_size=&#8220;17px&#8220; header_text_color=&#8220;#716962&#8243; header_letter_spacing=&#8220;1px&#8220; header_line_height=&#8220;1.6em&#8220; body_font_size=&#8220;14px&#8220; body_text_color=&#8220;#716962&#8243; body_line_height=&#8220;1.7&#8243; custom_padding=&#8220;||35px|&#8220;]<\/p>\n<p>Extra natives Oliven\u00f6l, aus den Sorten Grignano, Favarol, Frantoio und Leccino, geerntet in den h\u00fcgeligen Gebieten n\u00f6rdlich von Verona.<\/p>\n<p>[\/et_pb_blurb][\/et_pb_column][et_pb_column type=&#8220;1_3&#8243; parallax=&#8220;off&#8220; parallax_method=&#8220;on&#8220;][et_pb_image src=&#8220;http:\/\/www.cantinavalpolicellasanpietro.it\/wp-content\/uploads\/2017\/06\/cantina_sanpietro_grappa_di_amarone2.png&#8220; animation=&#8220;top&#8220; align=&#8220;center&#8220; admin_label=&#8220;Immagine&#8220;][\/et_pb_image][et_pb_blurb title=&#8220;Handwerklicher Grappa&#8220; animation=&#8220;off&#8220; text_orientation=&#8220;center&#8220; admin_label=&#8220;Blurb&#8220; header_font=&#8220;|on|&#8220; header_font_size=&#8220;17px&#8220; header_text_color=&#8220;#716962&#8243; header_letter_spacing=&#8220;1px&#8220; header_line_height=&#8220;1.6em&#8220; body_font_size=&#8220;14px&#8220; body_text_color=&#8220;#716962&#8243; body_line_height=&#8220;1.7&#8243; custom_padding=&#8220;||35px|&#8220;]<\/p>\n<p>Spezielle Grappas aus der Valpolicella, hergestellt aus dem Trester des Amarone Classico, f\u00fcr feine und harmonische Verkostungen.<\/p>\n<p>[\/et_pb_blurb][\/et_pb_column][et_pb_column type=&#8220;1_3&#8243; parallax=&#8220;off&#8220; parallax_method=&#8220;on&#8220;][et_pb_image src=&#8220;http:\/\/www.cantinavalpolicellasanpietro.it\/wp-content\/uploads\/2017\/06\/cantina_sanpietro_bicchiere_vuoto.png&#8220; animation=&#8220;top&#8220; align=&#8220;center&#8220; admin_label=&#8220;Immagine&#8220;][\/et_pb_image][et_pb_blurb title=&#8220;BSammlerkelche&#8220; animation=&#8220;off&#8220; text_orientation=&#8220;center&#8220; admin_label=&#8220;Blurb&#8220; header_font=&#8220;|on|&#8220; header_font_size=&#8220;17px&#8220; header_text_color=&#8220;#716962&#8243; header_letter_spacing=&#8220;1px&#8220; header_line_height=&#8220;1.6em&#8220; body_font_size=&#8220;14px&#8220; body_text_color=&#8220;#716962&#8243; body_line_height=&#8220;1.7&#8243; custom_padding=&#8220;||35px|&#8220;]<\/p>\n<p>Probierkelche f\u00fcr Sammler aus Glas, signiert von der Cantina Sociale San Pietro in Cariano.<\/p>\n<p>[\/et_pb_blurb][\/et_pb_column][\/et_pb_row][\/et_pb_section][et_pb_section fb_built=&#8220;1&#8243; background_image=&#8220;http:\/\/www.cantinavalpolicellasanpietro.it\/wp-content\/uploads\/2017\/06\/slide_acquista.jpg&#8220; background_color=&#8220;#F4EFE7&#8243; custom_padding=&#8220;5%|0|5%|0&#8243; admin_label=&#8220;section&#8220; module_id=&#8220;juith&#8220;][et_pb_row admin_label=&#8220;row&#8220;][et_pb_column type=&#8220;1_2&#8243; parallax=&#8220;off&#8220; parallax_method=&#8220;on&#8220;][et_pb_text text_orientation=&#8220;center&#8220; admin_label=&#8220;Testo&#8220; header_font=&#8220;Playfair Display||||&#8220; header_font_size=&#8220;39px&#8220;]<\/p>\n<h1>Kaufen Sie unsere Erzeugnisse<\/h1>\n<p>[\/et_pb_text][et_pb_text text_orientation=&#8220;center&#8220; admin_label=&#8220;Testo&#8220; text_font_size=&#8220;16px&#8220;]<\/p>\n<p>M\u00f6chten Sie mehr \u00fcber die Weine, das Oliven\u00f6l und den handwerklichen Grappa der Valpolicella Classica aus unserer Produktion erfahren?<\/p>\n<p>[\/et_pb_text][et_pb_button button_url=&#8220;https:\/\/www.cantinavalpolicellasanpietro.it\/de\/kontakt\/&#8220; button_text=&#8220;Kontaktieren Sie uns&#8220; button_alignment=&#8220;center&#8220; admin_label=&#8220;Pulsante&#8220; custom_button=&#8220;on&#8220; button_text_color=&#8220;#bf9700&#8243; button_icon=&#8220;%%112%%&#8220; button_text_color_hover=&#8220;#3E4432&#8243; background_color=&#8220;#a77c03&#8243;][\/et_pb_button][\/et_pb_column][et_pb_column type=&#8220;1_2&#8243; parallax=&#8220;off&#8220; parallax_method=&#8220;on&#8220;][\/et_pb_column][\/et_pb_row][\/et_pb_section]<\/p>\n","protected":false},"excerpt":{"rendered":"<p>[et_pb_section fb_built=&#8220;1&#8243; background_image=&#8220;http:\/\/www.cantinavalpolicellasanpietro.it\/wp-content\/uploads\/2017\/06\/slider-prodotti-1.jpg&#8220; custom_padding=&#8220;8%||8%|&#8220; disabled_on=&#8220;off|off|off&#8220; admin_label=&#8220;section&#8220; module_id=&#8220;home&#8220;][et_pb_row make_fullwidth=&#8220;on&#8220; use_custom_gutter=&#8220;on&#8220; gutter_width=&#8220;1&#8243; custom_padding=&#8220;0|0&#8243; padding_mobile=&#8220;on&#8220; background_color=&#8220;rgba(0,0,0,0)&#8220; make_equal=&#8220;on&#8220; padding_top_1=&#8220;5%&#8220; padding_right_1=&#8220;5%&#8220; padding_bottom_1=&#8220;5%&#8220; padding_left_1=&#8220;5%&#8220; padding_top_2=&#8220;5%&#8220; padding_right_2=&#8220;5%&#8220; padding_bottom_2=&#8220;5%&#8220; padding_left_2=&#8220;5%&#8220; padding_top_3=&#8220;5%&#8220; padding_right_3=&#8220;5%&#8220; padding_bottom_3=&#8220;5%&#8220; padding_left_3=&#8220;5%&#8220; admin_label=&#8220;row&#8220;][et_pb_column type=&#8220;1_2&#8243; padding_bottom=&#8220;5%&#8220; padding_left=&#8220;5%&#8220; padding_right=&#8220;5%&#8220; padding_top=&#8220;5%&#8220; parallax=&#8220;off&#8220; parallax_method=&#8220;on&#8220;][et_pb_text admin_label=&#8220;Testo&#8220; header_font=&#8220;Playfair Display||||&#8220; header_font_size=&#8220;59px&#8220; custom_margin=&#8220;||30px|&#8220;] Die Produkte: Weine der Valpolicella, handwerkliches \u00d6l und Grappa [\/et_pb_text][\/et_pb_column][et_pb_column type=&#8220;1_2&#8243; padding_bottom=&#8220;5%&#8220; padding_left=&#8220;5%&#8220; padding_right=&#8220;5%&#8220; padding_top=&#8220;5%&#8220; parallax=&#8220;off&#8220; [&hellip;]<\/p>\n","protected":false},"author":2,"featured_media":0,"parent":0,"menu_order":0,"comment_status":"closed","ping_status":"closed","template":"","meta":{"_et_pb_use_builder":"on","_et_pb_old_content":"","_et_gb_content_width":""},"yoast_head":"<!-- This site is optimized with the Yoast SEO plugin v21.8.1 - https:\/\/yoast.com\/wordpress\/plugins\/seo\/ -->\n<title>Produzenten typischer Weine in Valpolicella | Genossenschaftskellerei San Pietro in Cariano<\/title>\n<meta name=\"description\" content=\"Die Genossenschaftskellerei San Pietro in Valpolicella in Verona produziert und verkauft renommierte Weine: Amarone, Recioto, Valpolicella, Chardonnay und Ros\u00e9. Mehr entdecken.\" \/>\n<meta name=\"robots\" content=\"index, follow, max-snippet:-1, max-image-preview:large, max-video-preview:-1\" \/>\n<link rel=\"canonical\" href=\"https:\/\/www.cantinavalpolicellasanpietro.it\/de\/produkte\/\" \/>\n<meta property=\"og:locale\" content=\"de_DE\" \/>\n<meta property=\"og:type\" content=\"article\" \/>\n<meta property=\"og:title\" content=\"Produzenten typischer Weine in Valpolicella | Genossenschaftskellerei San Pietro in Cariano\" \/>\n<meta property=\"og:description\" content=\"Die Genossenschaftskellerei San Pietro in Valpolicella in Verona produziert und verkauft renommierte Weine: Amarone, Recioto, Valpolicella, Chardonnay und Ros\u00e9. Mehr entdecken.\" \/>\n<meta property=\"og:url\" content=\"https:\/\/www.cantinavalpolicellasanpietro.it\/de\/produkte\/\" \/>\n<meta property=\"og:site_name\" content=\"CANTINA SAN PIETRO\" \/>\n<meta property=\"article:modified_time\" content=\"2019-01-17T09:49:30+00:00\" \/>\n<meta name=\"twitter:card\" content=\"summary_large_image\" \/>\n<meta name=\"twitter:label1\" content=\"Gesch\u00e4tzte Lesezeit\" \/>\n\t<meta name=\"twitter:data1\" content=\"8\u00a0Minuten\" \/>\n<script type=\"application\/ld+json\" class=\"yoast-schema-graph\">{\"@context\":\"https:\/\/schema.org\",\"@graph\":[{\"@type\":\"WebPage\",\"@id\":\"https:\/\/www.cantinavalpolicellasanpietro.it\/de\/produkte\/\",\"url\":\"https:\/\/www.cantinavalpolicellasanpietro.it\/de\/produkte\/\",\"name\":\"Produzenten typischer Weine in Valpolicella | Genossenschaftskellerei San Pietro in Cariano\",\"isPartOf\":{\"@id\":\"https:\/\/www.cantinavalpolicellasanpietro.it\/#website\"},\"datePublished\":\"2019-01-17T08:47:06+00:00\",\"dateModified\":\"2019-01-17T09:49:30+00:00\",\"description\":\"Die Genossenschaftskellerei San Pietro in Valpolicella in Verona produziert und verkauft renommierte Weine: Amarone, Recioto, Valpolicella, Chardonnay und Ros\u00e9. Mehr entdecken.\",\"breadcrumb\":{\"@id\":\"https:\/\/www.cantinavalpolicellasanpietro.it\/de\/produkte\/#breadcrumb\"},\"inLanguage\":\"de\",\"potentialAction\":[{\"@type\":\"ReadAction\",\"target\":[\"https:\/\/www.cantinavalpolicellasanpietro.it\/de\/produkte\/\"]}]},{\"@type\":\"BreadcrumbList\",\"@id\":\"https:\/\/www.cantinavalpolicellasanpietro.it\/de\/produkte\/#breadcrumb\",\"itemListElement\":[{\"@type\":\"ListItem\",\"position\":1,\"name\":\"Home\",\"item\":\"https:\/\/www.cantinavalpolicellasanpietro.it\/de\/\"},{\"@type\":\"ListItem\",\"position\":2,\"name\":\"PRODUKTE\"}]},{\"@type\":\"WebSite\",\"@id\":\"https:\/\/www.cantinavalpolicellasanpietro.it\/#website\",\"url\":\"https:\/\/www.cantinavalpolicellasanpietro.it\/\",\"name\":\"CANTINA SAN PIETRO\",\"description\":\"Cantina sociale San Pietro In Cariano\",\"potentialAction\":[{\"@type\":\"SearchAction\",\"target\":{\"@type\":\"EntryPoint\",\"urlTemplate\":\"https:\/\/www.cantinavalpolicellasanpietro.it\/?s={search_term_string}\"},\"query-input\":\"required name=search_term_string\"}],\"inLanguage\":\"de\"}]}<\/script>\n<!-- \/ Yoast SEO plugin. -->","yoast_head_json":{"title":"Produzenten typischer Weine in Valpolicella | Genossenschaftskellerei San Pietro in Cariano","description":"Die Genossenschaftskellerei San Pietro in Valpolicella in Verona produziert und verkauft renommierte Weine: Amarone, Recioto, Valpolicella, Chardonnay und Ros\u00e9. Mehr entdecken.","robots":{"index":"index","follow":"follow","max-snippet":"max-snippet:-1","max-image-preview":"max-image-preview:large","max-video-preview":"max-video-preview:-1"},"canonical":"https:\/\/www.cantinavalpolicellasanpietro.it\/de\/produkte\/","og_locale":"de_DE","og_type":"article","og_title":"Produzenten typischer Weine in Valpolicella | Genossenschaftskellerei San Pietro in Cariano","og_description":"Die Genossenschaftskellerei San Pietro in Valpolicella in Verona produziert und verkauft renommierte Weine: Amarone, Recioto, Valpolicella, Chardonnay und Ros\u00e9. Mehr entdecken.","og_url":"https:\/\/www.cantinavalpolicellasanpietro.it\/de\/produkte\/","og_site_name":"CANTINA SAN PIETRO","article_modified_time":"2019-01-17T09:49:30+00:00","twitter_card":"summary_large_image","twitter_misc":{"Gesch\u00e4tzte Lesezeit":"8\u00a0Minuten"},"schema":{"@context":"https:\/\/schema.org","@graph":[{"@type":"WebPage","@id":"https:\/\/www.cantinavalpolicellasanpietro.it\/de\/produkte\/","url":"https:\/\/www.cantinavalpolicellasanpietro.it\/de\/produkte\/","name":"Produzenten typischer Weine in Valpolicella | Genossenschaftskellerei San Pietro in Cariano","isPartOf":{"@id":"https:\/\/www.cantinavalpolicellasanpietro.it\/#website"},"datePublished":"2019-01-17T08:47:06+00:00","dateModified":"2019-01-17T09:49:30+00:00","description":"Die Genossenschaftskellerei San Pietro in Valpolicella in Verona produziert und verkauft renommierte Weine: Amarone, Recioto, Valpolicella, Chardonnay und Ros\u00e9. Mehr entdecken.","breadcrumb":{"@id":"https:\/\/www.cantinavalpolicellasanpietro.it\/de\/produkte\/#breadcrumb"},"inLanguage":"de","potentialAction":[{"@type":"ReadAction","target":["https:\/\/www.cantinavalpolicellasanpietro.it\/de\/produkte\/"]}]},{"@type":"BreadcrumbList","@id":"https:\/\/www.cantinavalpolicellasanpietro.it\/de\/produkte\/#breadcrumb","itemListElement":[{"@type":"ListItem","position":1,"name":"Home","item":"https:\/\/www.cantinavalpolicellasanpietro.it\/de\/"},{"@type":"ListItem","position":2,"name":"PRODUKTE"}]},{"@type":"WebSite","@id":"https:\/\/www.cantinavalpolicellasanpietro.it\/#website","url":"https:\/\/www.cantinavalpolicellasanpietro.it\/","name":"CANTINA SAN PIETRO","description":"Cantina sociale San Pietro In Cariano","potentialAction":[{"@type":"SearchAction","target":{"@type":"EntryPoint","urlTemplate":"https:\/\/www.cantinavalpolicellasanpietro.it\/?s={search_term_string}"},"query-input":"required name=search_term_string"}],"inLanguage":"de"}]}},"_links":{"self":[{"href":"https:\/\/www.cantinavalpolicellasanpietro.it\/de\/wp-json\/wp\/v2\/pages\/30273"}],"collection":[{"href":"https:\/\/www.cantinavalpolicellasanpietro.it\/de\/wp-json\/wp\/v2\/pages"}],"about":[{"href":"https:\/\/www.cantinavalpolicellasanpietro.it\/de\/wp-json\/wp\/v2\/types\/page"}],"author":[{"embeddable":true,"href":"https:\/\/www.cantinavalpolicellasanpietro.it\/de\/wp-json\/wp\/v2\/users\/2"}],"replies":[{"embeddable":true,"href":"https:\/\/www.cantinavalpolicellasanpietro.it\/de\/wp-json\/wp\/v2\/comments?post=30273"}],"version-history":[{"count":4,"href":"https:\/\/www.cantinavalpolicellasanpietro.it\/de\/wp-json\/wp\/v2\/pages\/30273\/revisions"}],"predecessor-version":[{"id":30334,"href":"https:\/\/www.cantinavalpolicellasanpietro.it\/de\/wp-json\/wp\/v2\/pages\/30273\/revisions\/30334"}],"wp:attachment":[{"href":"https:\/\/www.cantinavalpolicellasanpietro.it\/de\/wp-json\/wp\/v2\/media?parent=30273"}],"curies":[{"name":"wp","href":"https:\/\/api.w.org\/{rel}","templated":true}]}}