{"id":30277,"date":"2019-01-17T09:50:29","date_gmt":"2019-01-17T08:50:29","guid":{"rendered":"https:\/\/www.cantinavalpolicellasanpietro.it\/rezepte\/"},"modified":"2019-01-17T10:51:18","modified_gmt":"2019-01-17T09:51:18","slug":"rezepte","status":"publish","type":"page","link":"https:\/\/www.cantinavalpolicellasanpietro.it\/de\/rezepte\/","title":{"rendered":"REZEPTE"},"content":{"rendered":"<p>[et_pb_section fb_built=&#8220;1&#8243; background_image=&#8220;http:\/\/www.cantinavalpolicellasanpietro.it\/wp-content\/uploads\/2017\/06\/slider-ricette.jpg&#8220; custom_padding=&#8220;5%||0%|&#8220; disabled_on=&#8220;off|off|off&#8220; admin_label=&#8220;section&#8220; module_id=&#8220;home&#8220;][et_pb_row make_fullwidth=&#8220;on&#8220; use_custom_gutter=&#8220;on&#8220; gutter_width=&#8220;1&#8243; custom_padding=&#8220;0|0&#8243; padding_mobile=&#8220;on&#8220; background_color=&#8220;rgba(0,0,0,0)&#8220; make_equal=&#8220;on&#8220; padding_top_1=&#8220;5%&#8220; padding_right_1=&#8220;5%&#8220; padding_bottom_1=&#8220;5%&#8220; padding_left_1=&#8220;5%&#8220; padding_top_2=&#8220;5%&#8220; padding_right_2=&#8220;5%&#8220; padding_bottom_2=&#8220;5%&#8220; padding_left_2=&#8220;5%&#8220; padding_top_3=&#8220;5%&#8220; padding_right_3=&#8220;5%&#8220; padding_bottom_3=&#8220;5%&#8220; padding_left_3=&#8220;5%&#8220; admin_label=&#8220;row&#8220;][et_pb_column type=&#8220;4_4&#8243; padding_bottom=&#8220;5%&#8220; padding_left=&#8220;5%&#8220; padding_right=&#8220;5%&#8220; padding_top=&#8220;5%&#8220; parallax=&#8220;off&#8220; parallax_method=&#8220;on&#8220;][et_pb_text background_layout=&#8220;dark&#8220; admin_label=&#8220;Testo&#8220; header_font=&#8220;Playfair Display||||&#8220; header_font_size=&#8220;59px&#8220; custom_margin=&#8220;||5%|&#8220;]<\/p>\n<h1 style=\"text-align: center;\">Unsere Rezepte<\/h1>\n<p>[\/et_pb_text][\/et_pb_column][\/et_pb_row][\/et_pb_section][et_pb_section fb_built=&#8220;1&#8243; custom_padding=&#8220;0%|0|0%|0&#8243; admin_label=&#8220;section&#8220;][et_pb_row custom_width_percent=&#8220;100%&#8220; custom_padding=&#8220;0px|0px|3px|0px&#8220; admin_label=&#8220;row&#8220;][et_pb_column type=&#8220;4_4&#8243; parallax=&#8220;off&#8220; parallax_method=&#8220;on&#8220;][et_pb_text text_orientation=&#8220;center&#8220; admin_label=&#8220;Testo&#8220; header_font=&#8220;Playfair Display||||&#8220; header_font_size=&#8220;39px&#8220; custom_margin=&#8220;8%|||&#8220;]<\/p>\n<h1 style=\"text-align: center;\">Kommen Sie zu Tisch!<\/h1>\n<p>[\/et_pb_text][et_pb_text text_orientation=&#8220;center&#8220; max_width=&#8220;600px&#8220; admin_label=&#8220;Testo&#8220; text_font=&#8220;Lato||||&#8220; text_font_size=&#8220;16px&#8220; custom_padding=&#8220;||5%|&#8220;]Auf dieser Seite finden Sie die Rezepte und die Zubereitungsphasen einiger der ber\u00fchmtesten und k\u00f6stlichsten Gerichte, typisch f\u00fcr den Veneto, die mit den Weinen der Kellerei San Pietro in Cariano kombiniert werden.\u00a0<strong>Guten Appetit!<\/strong>[\/et_pb_text][\/et_pb_column][\/et_pb_row][\/et_pb_section][et_pb_section fb_built=&#8220;1&#8243; background_color=&#8220;rgba(246,247,234,0.5)&#8220; custom_padding=&#8220;2%|0|5%|0&#8243; admin_label=&#8220;section&#8220;][et_pb_row make_fullwidth=&#8220;on&#8220; custom_width_percent=&#8220;100%&#8220; use_custom_gutter=&#8220;on&#8220; gutter_width=&#8220;1&#8243; admin_label=&#8220;row&#8220;][et_pb_column type=&#8220;1_4&#8243; parallax=&#8220;off&#8220; parallax_method=&#8220;on&#8220;][\/et_pb_column][et_pb_column type=&#8220;1_2&#8243; parallax=&#8220;off&#8220; parallax_method=&#8220;on&#8220;][et_pb_portfolio fullwidth=&#8220;off&#8220; posts_number=&#8220;10&#8243; include_categories=&#8220;20,19,17,18&#8243; show_categories=&#8220;off&#8220; show_pagination=&#8220;off&#8220; admin_label=&#8220;Portfolio&#8220; title_font_size=&#8220;17px&#8220; title_letter_spacing=&#8220;1px&#8220; title_line_height=&#8220;1em&#8220; caption_font_size=&#8220;15px&#8220; caption_line_height=&#8220;1em&#8220; background_color=&#8220;rgba(246,247,234,0.5)&#8220; use_border_color=&#8220;on&#8220; border_width=&#8220;7px&#8220; border_style=&#8220;double&#8220;][\/et_pb_portfolio][\/et_pb_column][et_pb_column type=&#8220;1_4&#8243; parallax=&#8220;off&#8220; parallax_method=&#8220;on&#8220;][\/et_pb_column][\/et_pb_row][\/et_pb_section][et_pb_section fb_built=&#8220;1&#8243; background_image=&#8220;http:\/\/www.cantinavalpolicellasanpietro.it\/wp-content\/uploads\/2017\/06\/slide_acquista2-1.jpg&#8220; background_color=&#8220;#F4EFE7&#8243; custom_padding=&#8220;5%|0|5%|0&#8243; admin_label=&#8220;section&#8220; module_id=&#8220;juith&#8220;][et_pb_row admin_label=&#8220;row&#8220;][et_pb_column type=&#8220;4_4&#8243; parallax=&#8220;off&#8220; parallax_method=&#8220;on&#8220;][et_pb_text background_layout=&#8220;dark&#8220; text_orientation=&#8220;center&#8220; admin_label=&#8220;Testo&#8220; header_font=&#8220;Playfair Display||||&#8220; header_font_size=&#8220;39px&#8220;]<\/p>\n<h1>Kaufen Sie unsere Erzeugnisse<\/h1>\n<p>[\/et_pb_text][et_pb_text background_layout=&#8220;dark&#8220; text_orientation=&#8220;center&#8220; admin_label=&#8220;Testo&#8220; text_font_size=&#8220;16px&#8220;]<\/p>\n<div>M\u00f6chten Sie mehr \u00fcber die Weine, das Oliven\u00f6l und den handwerklichen Grappa der Valpolicella Classica aus unserer Produktion erfahren?<\/div>\n<p>[\/et_pb_text][et_pb_button button_url=&#8220;https:\/\/www.cantinavalpolicellasanpietro.it\/de\/kontakt\/&#8220; button_text=&#8220;Kontaktieren Sie uns&#8220; button_alignment=&#8220;center&#8220; admin_label=&#8220;Pulsante&#8220; custom_button=&#8220;on&#8220; button_text_color=&#8220;#ffffff&#8220; button_icon=&#8220;%%112%%&#8220; button_text_color_hover=&#8220;#3E4432&#8243; background_color=&#8220;#a77c03&#8243;][\/et_pb_button][\/et_pb_column][\/et_pb_row][\/et_pb_section]<\/p>\n","protected":false},"excerpt":{"rendered":"<p>[et_pb_section fb_built=&#8220;1&#8243; background_image=&#8220;http:\/\/www.cantinavalpolicellasanpietro.it\/wp-content\/uploads\/2017\/06\/slider-ricette.jpg&#8220; custom_padding=&#8220;5%||0%|&#8220; disabled_on=&#8220;off|off|off&#8220; admin_label=&#8220;section&#8220; module_id=&#8220;home&#8220;][et_pb_row make_fullwidth=&#8220;on&#8220; use_custom_gutter=&#8220;on&#8220; gutter_width=&#8220;1&#8243; custom_padding=&#8220;0|0&#8243; padding_mobile=&#8220;on&#8220; background_color=&#8220;rgba(0,0,0,0)&#8220; make_equal=&#8220;on&#8220; padding_top_1=&#8220;5%&#8220; padding_right_1=&#8220;5%&#8220; padding_bottom_1=&#8220;5%&#8220; padding_left_1=&#8220;5%&#8220; padding_top_2=&#8220;5%&#8220; padding_right_2=&#8220;5%&#8220; padding_bottom_2=&#8220;5%&#8220; padding_left_2=&#8220;5%&#8220; padding_top_3=&#8220;5%&#8220; padding_right_3=&#8220;5%&#8220; padding_bottom_3=&#8220;5%&#8220; padding_left_3=&#8220;5%&#8220; admin_label=&#8220;row&#8220;][et_pb_column type=&#8220;4_4&#8243; padding_bottom=&#8220;5%&#8220; padding_left=&#8220;5%&#8220; padding_right=&#8220;5%&#8220; padding_top=&#8220;5%&#8220; parallax=&#8220;off&#8220; parallax_method=&#8220;on&#8220;][et_pb_text background_layout=&#8220;dark&#8220; admin_label=&#8220;Testo&#8220; header_font=&#8220;Playfair Display||||&#8220; header_font_size=&#8220;59px&#8220; custom_margin=&#8220;||5%|&#8220;] Unsere Rezepte [\/et_pb_text][\/et_pb_column][\/et_pb_row][\/et_pb_section][et_pb_section fb_built=&#8220;1&#8243; custom_padding=&#8220;0%|0|0%|0&#8243; admin_label=&#8220;section&#8220;][et_pb_row custom_width_percent=&#8220;100%&#8220; custom_padding=&#8220;0px|0px|3px|0px&#8220; admin_label=&#8220;row&#8220;][et_pb_column type=&#8220;4_4&#8243; parallax=&#8220;off&#8220; parallax_method=&#8220;on&#8220;][et_pb_text text_orientation=&#8220;center&#8220; admin_label=&#8220;Testo&#8220; header_font=&#8220;Playfair [&hellip;]<\/p>\n","protected":false},"author":2,"featured_media":0,"parent":0,"menu_order":0,"comment_status":"closed","ping_status":"closed","template":"","meta":{"_et_pb_use_builder":"on","_et_pb_old_content":"","_et_gb_content_width":""},"yoast_head":"<!-- This site is optimized with the Yoast SEO plugin v21.8.1 - https:\/\/yoast.com\/wordpress\/plugins\/seo\/ -->\n<title>Rezepte, typischer Gerichte aus dem Veneto und passende Weine| Kellerei San Pietro in Cariano<\/title>\n<meta name=\"description\" content=\"Entdecken Sie die Rezepte der typischen Gerichte aus dem Veneto von der Genossenschaftskellerei San Pietro in Cariano: Risotto all&#039;Amarone, Polenta mit Baccal\u00e0, Sbrisolona-Kuchen.\" \/>\n<meta name=\"robots\" content=\"index, follow, max-snippet:-1, max-image-preview:large, max-video-preview:-1\" \/>\n<link rel=\"canonical\" href=\"https:\/\/www.cantinavalpolicellasanpietro.it\/de\/rezepte\/\" \/>\n<meta property=\"og:locale\" content=\"de_DE\" \/>\n<meta property=\"og:type\" content=\"article\" \/>\n<meta property=\"og:title\" content=\"Rezepte, typischer Gerichte aus dem Veneto und passende Weine| Kellerei San Pietro in Cariano\" \/>\n<meta property=\"og:description\" content=\"Entdecken Sie die Rezepte der typischen Gerichte aus dem Veneto von der Genossenschaftskellerei San Pietro in Cariano: Risotto all&#039;Amarone, Polenta mit Baccal\u00e0, Sbrisolona-Kuchen.\" \/>\n<meta property=\"og:url\" content=\"https:\/\/www.cantinavalpolicellasanpietro.it\/de\/rezepte\/\" \/>\n<meta property=\"og:site_name\" content=\"CANTINA SAN PIETRO\" \/>\n<meta property=\"article:modified_time\" content=\"2019-01-17T09:51:18+00:00\" \/>\n<meta name=\"twitter:card\" content=\"summary_large_image\" \/>\n<meta name=\"twitter:label1\" content=\"Gesch\u00e4tzte Lesezeit\" \/>\n\t<meta name=\"twitter:data1\" content=\"3\u00a0Minuten\" \/>\n<script type=\"application\/ld+json\" class=\"yoast-schema-graph\">{\"@context\":\"https:\/\/schema.org\",\"@graph\":[{\"@type\":\"WebPage\",\"@id\":\"https:\/\/www.cantinavalpolicellasanpietro.it\/de\/rezepte\/\",\"url\":\"https:\/\/www.cantinavalpolicellasanpietro.it\/de\/rezepte\/\",\"name\":\"Rezepte, typischer Gerichte aus dem Veneto und passende Weine| Kellerei San Pietro in Cariano\",\"isPartOf\":{\"@id\":\"https:\/\/www.cantinavalpolicellasanpietro.it\/#website\"},\"datePublished\":\"2019-01-17T08:50:29+00:00\",\"dateModified\":\"2019-01-17T09:51:18+00:00\",\"description\":\"Entdecken Sie die Rezepte der typischen Gerichte aus dem Veneto von der Genossenschaftskellerei San Pietro in Cariano: Risotto all'Amarone, Polenta mit Baccal\u00e0, Sbrisolona-Kuchen.\",\"breadcrumb\":{\"@id\":\"https:\/\/www.cantinavalpolicellasanpietro.it\/de\/rezepte\/#breadcrumb\"},\"inLanguage\":\"de\",\"potentialAction\":[{\"@type\":\"ReadAction\",\"target\":[\"https:\/\/www.cantinavalpolicellasanpietro.it\/de\/rezepte\/\"]}]},{\"@type\":\"BreadcrumbList\",\"@id\":\"https:\/\/www.cantinavalpolicellasanpietro.it\/de\/rezepte\/#breadcrumb\",\"itemListElement\":[{\"@type\":\"ListItem\",\"position\":1,\"name\":\"Home\",\"item\":\"https:\/\/www.cantinavalpolicellasanpietro.it\/de\/\"},{\"@type\":\"ListItem\",\"position\":2,\"name\":\"REZEPTE\"}]},{\"@type\":\"WebSite\",\"@id\":\"https:\/\/www.cantinavalpolicellasanpietro.it\/#website\",\"url\":\"https:\/\/www.cantinavalpolicellasanpietro.it\/\",\"name\":\"CANTINA SAN PIETRO\",\"description\":\"Cantina sociale San Pietro In Cariano\",\"potentialAction\":[{\"@type\":\"SearchAction\",\"target\":{\"@type\":\"EntryPoint\",\"urlTemplate\":\"https:\/\/www.cantinavalpolicellasanpietro.it\/?s={search_term_string}\"},\"query-input\":\"required name=search_term_string\"}],\"inLanguage\":\"de\"}]}<\/script>\n<!-- \/ Yoast SEO plugin. -->","yoast_head_json":{"title":"Rezepte, typischer Gerichte aus dem Veneto und passende Weine| Kellerei San Pietro in Cariano","description":"Entdecken Sie die Rezepte der typischen Gerichte aus dem Veneto von der Genossenschaftskellerei San Pietro in Cariano: Risotto all'Amarone, Polenta mit Baccal\u00e0, Sbrisolona-Kuchen.","robots":{"index":"index","follow":"follow","max-snippet":"max-snippet:-1","max-image-preview":"max-image-preview:large","max-video-preview":"max-video-preview:-1"},"canonical":"https:\/\/www.cantinavalpolicellasanpietro.it\/de\/rezepte\/","og_locale":"de_DE","og_type":"article","og_title":"Rezepte, typischer Gerichte aus dem Veneto und passende Weine| Kellerei San Pietro in Cariano","og_description":"Entdecken Sie die Rezepte der typischen Gerichte aus dem Veneto von der Genossenschaftskellerei San Pietro in Cariano: Risotto all'Amarone, Polenta mit Baccal\u00e0, Sbrisolona-Kuchen.","og_url":"https:\/\/www.cantinavalpolicellasanpietro.it\/de\/rezepte\/","og_site_name":"CANTINA SAN PIETRO","article_modified_time":"2019-01-17T09:51:18+00:00","twitter_card":"summary_large_image","twitter_misc":{"Gesch\u00e4tzte Lesezeit":"3\u00a0Minuten"},"schema":{"@context":"https:\/\/schema.org","@graph":[{"@type":"WebPage","@id":"https:\/\/www.cantinavalpolicellasanpietro.it\/de\/rezepte\/","url":"https:\/\/www.cantinavalpolicellasanpietro.it\/de\/rezepte\/","name":"Rezepte, typischer Gerichte aus dem Veneto und passende Weine| Kellerei San Pietro in Cariano","isPartOf":{"@id":"https:\/\/www.cantinavalpolicellasanpietro.it\/#website"},"datePublished":"2019-01-17T08:50:29+00:00","dateModified":"2019-01-17T09:51:18+00:00","description":"Entdecken Sie die Rezepte der typischen Gerichte aus dem Veneto von der Genossenschaftskellerei San Pietro in Cariano: Risotto all'Amarone, Polenta mit Baccal\u00e0, Sbrisolona-Kuchen.","breadcrumb":{"@id":"https:\/\/www.cantinavalpolicellasanpietro.it\/de\/rezepte\/#breadcrumb"},"inLanguage":"de","potentialAction":[{"@type":"ReadAction","target":["https:\/\/www.cantinavalpolicellasanpietro.it\/de\/rezepte\/"]}]},{"@type":"BreadcrumbList","@id":"https:\/\/www.cantinavalpolicellasanpietro.it\/de\/rezepte\/#breadcrumb","itemListElement":[{"@type":"ListItem","position":1,"name":"Home","item":"https:\/\/www.cantinavalpolicellasanpietro.it\/de\/"},{"@type":"ListItem","position":2,"name":"REZEPTE"}]},{"@type":"WebSite","@id":"https:\/\/www.cantinavalpolicellasanpietro.it\/#website","url":"https:\/\/www.cantinavalpolicellasanpietro.it\/","name":"CANTINA SAN PIETRO","description":"Cantina sociale San Pietro In Cariano","potentialAction":[{"@type":"SearchAction","target":{"@type":"EntryPoint","urlTemplate":"https:\/\/www.cantinavalpolicellasanpietro.it\/?s={search_term_string}"},"query-input":"required name=search_term_string"}],"inLanguage":"de"}]}},"_links":{"self":[{"href":"https:\/\/www.cantinavalpolicellasanpietro.it\/de\/wp-json\/wp\/v2\/pages\/30277"}],"collection":[{"href":"https:\/\/www.cantinavalpolicellasanpietro.it\/de\/wp-json\/wp\/v2\/pages"}],"about":[{"href":"https:\/\/www.cantinavalpolicellasanpietro.it\/de\/wp-json\/wp\/v2\/types\/page"}],"author":[{"embeddable":true,"href":"https:\/\/www.cantinavalpolicellasanpietro.it\/de\/wp-json\/wp\/v2\/users\/2"}],"replies":[{"embeddable":true,"href":"https:\/\/www.cantinavalpolicellasanpietro.it\/de\/wp-json\/wp\/v2\/comments?post=30277"}],"version-history":[{"count":4,"href":"https:\/\/www.cantinavalpolicellasanpietro.it\/de\/wp-json\/wp\/v2\/pages\/30277\/revisions"}],"predecessor-version":[{"id":30336,"href":"https:\/\/www.cantinavalpolicellasanpietro.it\/de\/wp-json\/wp\/v2\/pages\/30277\/revisions\/30336"}],"wp:attachment":[{"href":"https:\/\/www.cantinavalpolicellasanpietro.it\/de\/wp-json\/wp\/v2\/media?parent=30277"}],"curies":[{"name":"wp","href":"https:\/\/api.w.org\/{rel}","templated":true}]}}